{"id":1564,"date":"2020-11-19T07:59:03","date_gmt":"2020-11-19T07:59:03","guid":{"rendered":"http:\/\/devgadot.simplyfabulous.be\/news\/"},"modified":"2020-11-26T10:48:09","modified_gmt":"2020-11-26T10:48:09","slug":"news","status":"publish","type":"page","link":"https:\/\/www.gadot.be\/fr\/news\/","title":{"rendered":"News"},"content":{"rendered":"\t\t<div data-elementor-type=\"wp-page\" data-elementor-id=\"1564\" class=\"elementor elementor-1564 elementor-893\" data-elementor-post-type=\"page\">\n\t\t\t\t\t\t<section class=\"elementor-section elementor-top-section elementor-element elementor-element-1f4319a elementor-section-boxed elementor-section-height-default elementor-section-height-default\" data-id=\"1f4319a\" data-element_type=\"section\" data-settings=\"{&quot;jet_parallax_layout_list&quot;:[{&quot;_id&quot;:&quot;e03c42a&quot;,&quot;jet_parallax_layout_image&quot;:{&quot;url&quot;:&quot;&quot;,&quot;id&quot;:&quot;&quot;,&quot;size&quot;:&quot;&quot;},&quot;jet_parallax_layout_image_tablet&quot;:{&quot;url&quot;:&quot;&quot;,&quot;id&quot;:&quot;&quot;,&quot;size&quot;:&quot;&quot;},&quot;jet_parallax_layout_image_mobile&quot;:{&quot;url&quot;:&quot;&quot;,&quot;id&quot;:&quot;&quot;,&quot;size&quot;:&quot;&quot;},&quot;jet_parallax_layout_speed&quot;:{&quot;unit&quot;:&quot;%&quot;,&quot;size&quot;:50,&quot;sizes&quot;:[]},&quot;jet_parallax_layout_type&quot;:&quot;scroll&quot;,&quot;jet_parallax_layout_direction&quot;:&quot;1&quot;,&quot;jet_parallax_layout_fx_direction&quot;:null,&quot;jet_parallax_layout_z_index&quot;:&quot;&quot;,&quot;jet_parallax_layout_bg_x&quot;:50,&quot;jet_parallax_layout_bg_x_tablet&quot;:&quot;&quot;,&quot;jet_parallax_layout_bg_x_mobile&quot;:&quot;&quot;,&quot;jet_parallax_layout_bg_y&quot;:50,&quot;jet_parallax_layout_bg_y_tablet&quot;:&quot;&quot;,&quot;jet_parallax_layout_bg_y_mobile&quot;:&quot;&quot;,&quot;jet_parallax_layout_bg_size&quot;:&quot;auto&quot;,&quot;jet_parallax_layout_bg_size_tablet&quot;:&quot;&quot;,&quot;jet_parallax_layout_bg_size_mobile&quot;:&quot;&quot;,&quot;jet_parallax_layout_animation_prop&quot;:&quot;transform&quot;,&quot;jet_parallax_layout_on&quot;:[&quot;desktop&quot;,&quot;tablet&quot;]}],&quot;background_background&quot;:&quot;classic&quot;}\">\n\t\t\t\t\t\t\t<div class=\"elementor-background-overlay\"><\/div>\n\t\t\t\t\t\t\t<div class=\"elementor-container elementor-column-gap-default\">\n\t\t\t\t\t<div class=\"elementor-column elementor-col-100 elementor-top-column elementor-element elementor-element-25a3a20\" data-id=\"25a3a20\" data-element_type=\"column\">\n\t\t\t<div class=\"elementor-widget-wrap elementor-element-populated\">\n\t\t\t\t\t\t<div class=\"elementor-element elementor-element-93ba475 elementor-widget elementor-widget-heading\" data-id=\"93ba475\" data-element_type=\"widget\" data-widget_type=\"heading.default\">\n\t\t\t\t<div class=\"elementor-widget-container\">\n\t\t\t\t\t<h1 class=\"elementor-heading-title elementor-size-xl\">News<\/h1>\t\t\t\t<\/div>\n\t\t\t\t<\/div>\n\t\t\t\t\t<\/div>\n\t\t<\/div>\n\t\t\t\t\t<\/div>\n\t\t<\/section>\n\t\t\t\t<section class=\"elementor-section elementor-top-section elementor-element elementor-element-3294c5e elementor-section-boxed elementor-section-height-default elementor-section-height-default\" data-id=\"3294c5e\" data-element_type=\"section\" data-settings=\"{&quot;jet_parallax_layout_list&quot;:[{&quot;jet_parallax_layout_image&quot;:{&quot;url&quot;:&quot;&quot;,&quot;id&quot;:&quot;&quot;,&quot;size&quot;:&quot;&quot;},&quot;_id&quot;:&quot;b9d7340&quot;,&quot;jet_parallax_layout_image_tablet&quot;:{&quot;url&quot;:&quot;&quot;,&quot;id&quot;:&quot;&quot;,&quot;size&quot;:&quot;&quot;},&quot;jet_parallax_layout_image_mobile&quot;:{&quot;url&quot;:&quot;&quot;,&quot;id&quot;:&quot;&quot;,&quot;size&quot;:&quot;&quot;},&quot;jet_parallax_layout_speed&quot;:{&quot;unit&quot;:&quot;%&quot;,&quot;size&quot;:50,&quot;sizes&quot;:[]},&quot;jet_parallax_layout_type&quot;:&quot;scroll&quot;,&quot;jet_parallax_layout_direction&quot;:&quot;1&quot;,&quot;jet_parallax_layout_fx_direction&quot;:null,&quot;jet_parallax_layout_z_index&quot;:&quot;&quot;,&quot;jet_parallax_layout_bg_x&quot;:50,&quot;jet_parallax_layout_bg_x_tablet&quot;:&quot;&quot;,&quot;jet_parallax_layout_bg_x_mobile&quot;:&quot;&quot;,&quot;jet_parallax_layout_bg_y&quot;:50,&quot;jet_parallax_layout_bg_y_tablet&quot;:&quot;&quot;,&quot;jet_parallax_layout_bg_y_mobile&quot;:&quot;&quot;,&quot;jet_parallax_layout_bg_size&quot;:&quot;auto&quot;,&quot;jet_parallax_layout_bg_size_tablet&quot;:&quot;&quot;,&quot;jet_parallax_layout_bg_size_mobile&quot;:&quot;&quot;,&quot;jet_parallax_layout_animation_prop&quot;:&quot;transform&quot;,&quot;jet_parallax_layout_on&quot;:[&quot;desktop&quot;,&quot;tablet&quot;]}]}\">\n\t\t\t\t\t\t<div class=\"elementor-container elementor-column-gap-default\">\n\t\t\t\t\t<div class=\"elementor-column elementor-col-100 elementor-top-column elementor-element elementor-element-70dfe9f\" data-id=\"70dfe9f\" data-element_type=\"column\">\n\t\t\t<div class=\"elementor-widget-wrap elementor-element-populated\">\n\t\t\t\t\t\t<div class=\"elementor-element elementor-element-94fd30b elementor-widget elementor-widget-jet-posts\" data-id=\"94fd30b\" data-element_type=\"widget\" data-settings=\"{&quot;columns&quot;:&quot;3&quot;,&quot;slides_to_scroll&quot;:&quot;1&quot;}\" data-widget_type=\"jet-posts.default\">\n\t\t\t\t<div class=\"elementor-widget-container\">\n\t\t\t\t\t<div class=\"elementor-jet-posts jet-elements\"><div class=\"jet-posts col-row  jet-equal-cols\"><div class=\"jet-posts__item\">\n\t<div class=\"jet-posts__inner-box\"><div class=\"post-thumbnail\"><a href=\"https:\/\/www.gadot.be\/fr\/capabilities-not-everyone-can-offer\/\" class=\"post-thumbnail__link\"><img loading=\"lazy\" decoding=\"async\" class=\"post-thumbnail__img wp-post-image\" src=\"https:\/\/www.gadot.be\/wp-content\/uploads\/2026\/01\/225113-600x370.jpeg\" alt=\"Capabilities not everyone can offer\" loading=\"lazy\" width=\"600\" height=\"370\"><\/a><\/div><div class=\"jet-posts__inner-content\"><h4 class=\"entry-title\"><a href=\"https:\/\/www.gadot.be\/fr\/capabilities-not-everyone-can-offer\/\" target=\"\">Capabilities not everyone can offer<\/a><\/h4><div class=\"post-meta\"><span class=\"post__date post-meta__item\"><a href=\"https:\/\/www.gadot.be\/fr\/2026\/03\/02\/\"  class=\"post__date-link\" ><time datetime=\"2026-03-02T12:51:55+00:00\" title=\"2026-03-02T12:51:55+00:00\">2 mars 2026<\/time><\/a><\/span><\/div><div class=\"entry-excerpt\">Capabilities not everyone can offer With direct access to the North Sea and inland waterways, the Port of North Sea&hellip;<\/div><div class=\"jet-more-wrap\"><a href=\"https:\/\/www.gadot.be\/fr\/capabilities-not-everyone-can-offer\/\" class=\"btn btn-primary elementor-button elementor-size-md jet-more\" target=\"\"><span class=\"btn__text\">Read More<\/span><span class=\"jet-elements-icon jet-more-icon\"><i aria-hidden=\"true\" class=\"fas fa-arrow-right\"><\/i><\/span><\/a><\/div><\/div><\/div>\n<\/div>\n<div class=\"jet-posts__item\">\n\t<div class=\"jet-posts__inner-box\"><div class=\"post-thumbnail\"><a href=\"https:\/\/www.gadot.be\/fr\/top-100-des-distributeurs-de-produits-chimiques-2022\/\" class=\"post-thumbnail__link\"><img loading=\"lazy\" decoding=\"async\" class=\"post-thumbnail__img wp-post-image\" src=\"https:\/\/www.gadot.be\/wp-content\/uploads\/2022\/05\/13th-Annual-ICIS-Top-100-Chemical-Distributors_rev-100522-408x400.jpg\" alt=\"Top 100 des distributeurs de produits chimiques 2022\" loading=\"lazy\" width=\"408\" height=\"400\"><\/a><\/div><div class=\"jet-posts__inner-content\"><h4 class=\"entry-title\"><a href=\"https:\/\/www.gadot.be\/fr\/top-100-des-distributeurs-de-produits-chimiques-2022\/\" target=\"\">Top 100 des distributeurs de produits chimiques 2022<\/a><\/h4><div class=\"post-meta\"><span class=\"post__date post-meta__item\"><a href=\"https:\/\/www.gadot.be\/fr\/2022\/05\/20\/\"  class=\"post__date-link\" ><time datetime=\"2022-05-20T10:29:58+00:00\" title=\"2022-05-20T10:29:58+00:00\">20 mai 2022<\/time><\/a><\/span><\/div><div class=\"entry-excerpt\">Cher lecteur, Nous sommes fiers d\u2019annoncer que GADOT GROUP a \u00e9t\u00e9 class\u00e9 38e sur 300 principaux distributeurs internationaux de produits&hellip;<\/div><div class=\"jet-more-wrap\"><a href=\"https:\/\/www.gadot.be\/fr\/top-100-des-distributeurs-de-produits-chimiques-2022\/\" class=\"btn btn-primary elementor-button elementor-size-md jet-more\" target=\"\"><span class=\"btn__text\">Read More<\/span><span class=\"jet-elements-icon jet-more-icon\"><i aria-hidden=\"true\" class=\"fas fa-arrow-right\"><\/i><\/span><\/a><\/div><\/div><\/div>\n<\/div>\n<\/div>\n<\/div>\t\t\t\t<\/div>\n\t\t\t\t<\/div>\n\t\t\t\t\t<\/div>\n\t\t<\/div>\n\t\t\t\t\t<\/div>\n\t\t<\/section>\n\t\t\t\t<\/div>\n\t\t","protected":false},"excerpt":{"rendered":"<p>News Gadot Ghent seeks growth 14 November 2020A lot is happening at Gadot Belgium,formerly known as VLS-Group Ghent. Apart from the recent name change \u2013 as part&hellip;Read More Gadot expands its terminalling activity in North Sea Port 1 June 2020In the middle of an economic and social landscape that is rapidly being changed through the [&hellip;]<\/p>\n","protected":false},"author":1,"featured_media":0,"parent":0,"menu_order":0,"comment_status":"closed","ping_status":"closed","template":"full-width.php","meta":{"_acf_changed":false,"footnotes":""},"class_list":["post-1564","page","type-page","status-publish","hentry"],"acf":[],"yoast_head":"<!-- This site is optimized with the Yoast SEO plugin v25.8 - https:\/\/yoast.com\/wordpress\/plugins\/seo\/ -->\n<title>News - Gadot Belgium BV<\/title>\n<meta name=\"robots\" content=\"index, follow, max-snippet:-1, max-image-preview:large, max-video-preview:-1\" \/>\n<link rel=\"canonical\" href=\"https:\/\/www.gadot.be\/fr\/news\/\" \/>\n<meta property=\"og:locale\" content=\"fr_FR\" \/>\n<meta property=\"og:type\" content=\"article\" \/>\n<meta property=\"og:title\" content=\"News - Gadot Belgium BV\" \/>\n<meta property=\"og:description\" content=\"News Gadot Ghent seeks growth 14 November 2020A lot is happening at Gadot Belgium,formerly known as VLS-Group Ghent. Apart from the recent name change \u2013 as part&hellip;Read More Gadot expands its terminalling activity in North Sea Port 1 June 2020In the middle of an economic and social landscape that is rapidly being changed through the [&hellip;]\" \/>\n<meta property=\"og:url\" content=\"https:\/\/www.gadot.be\/fr\/news\/\" \/>\n<meta property=\"og:site_name\" content=\"Gadot Belgium BV\" \/>\n<meta property=\"article:modified_time\" content=\"2020-11-26T10:48:09+00:00\" \/>\n<meta property=\"og:image\" content=\"http:\/\/devgadot.simplyfabulous.be\/wp-content\/uploads\/2020\/11\/Wim-GADOT-GROUP-Logo.jpg\" \/>\n<meta name=\"twitter:card\" content=\"summary_large_image\" \/>\n<meta name=\"twitter:label1\" content=\"Dur\u00e9e de lecture estim\u00e9e\" \/>\n\t<meta name=\"twitter:data1\" content=\"1 minute\" \/>\n<script type=\"application\/ld+json\" class=\"yoast-schema-graph\">{\"@context\":\"https:\/\/schema.org\",\"@graph\":[{\"@type\":\"WebPage\",\"@id\":\"https:\/\/www.gadot.be\/fr\/news\/\",\"url\":\"https:\/\/www.gadot.be\/fr\/news\/\",\"name\":\"News - Gadot Belgium BV\",\"isPartOf\":{\"@id\":\"https:\/\/www.gadot.be\/fr\/#website\"},\"primaryImageOfPage\":{\"@id\":\"https:\/\/www.gadot.be\/fr\/news\/#primaryimage\"},\"image\":{\"@id\":\"https:\/\/www.gadot.be\/fr\/news\/#primaryimage\"},\"thumbnailUrl\":\"http:\/\/devgadot.simplyfabulous.be\/wp-content\/uploads\/2020\/11\/Wim-GADOT-GROUP-Logo.jpg\",\"datePublished\":\"2020-11-19T07:59:03+00:00\",\"dateModified\":\"2020-11-26T10:48:09+00:00\",\"inLanguage\":\"fr-FR\",\"potentialAction\":[{\"@type\":\"ReadAction\",\"target\":[\"https:\/\/www.gadot.be\/fr\/news\/\"]}]},{\"@type\":\"ImageObject\",\"inLanguage\":\"fr-FR\",\"@id\":\"https:\/\/www.gadot.be\/fr\/news\/#primaryimage\",\"url\":\"http:\/\/devgadot.simplyfabulous.be\/wp-content\/uploads\/2020\/11\/Wim-GADOT-GROUP-Logo.jpg\",\"contentUrl\":\"http:\/\/devgadot.simplyfabulous.be\/wp-content\/uploads\/2020\/11\/Wim-GADOT-GROUP-Logo.jpg\"},{\"@type\":\"WebSite\",\"@id\":\"https:\/\/www.gadot.be\/fr\/#website\",\"url\":\"https:\/\/www.gadot.be\/fr\/\",\"name\":\"Gadot Belgium BV\",\"description\":\"A Tankstorage Terminal\",\"potentialAction\":[{\"@type\":\"SearchAction\",\"target\":{\"@type\":\"EntryPoint\",\"urlTemplate\":\"https:\/\/www.gadot.be\/fr\/?s={search_term_string}\"},\"query-input\":{\"@type\":\"PropertyValueSpecification\",\"valueRequired\":true,\"valueName\":\"search_term_string\"}}],\"inLanguage\":\"fr-FR\"}]}<\/script>\n<!-- \/ Yoast SEO plugin. -->","yoast_head_json":{"title":"News - Gadot Belgium BV","robots":{"index":"index","follow":"follow","max-snippet":"max-snippet:-1","max-image-preview":"max-image-preview:large","max-video-preview":"max-video-preview:-1"},"canonical":"https:\/\/www.gadot.be\/fr\/news\/","og_locale":"fr_FR","og_type":"article","og_title":"News - Gadot Belgium BV","og_description":"News Gadot Ghent seeks growth 14 November 2020A lot is happening at Gadot Belgium,formerly known as VLS-Group Ghent. Apart from the recent name change \u2013 as part&hellip;Read More Gadot expands its terminalling activity in North Sea Port 1 June 2020In the middle of an economic and social landscape that is rapidly being changed through the [&hellip;]","og_url":"https:\/\/www.gadot.be\/fr\/news\/","og_site_name":"Gadot Belgium BV","article_modified_time":"2020-11-26T10:48:09+00:00","og_image":[{"url":"http:\/\/devgadot.simplyfabulous.be\/wp-content\/uploads\/2020\/11\/Wim-GADOT-GROUP-Logo.jpg","type":"","width":"","height":""}],"twitter_card":"summary_large_image","twitter_misc":{"Dur\u00e9e de lecture estim\u00e9e":"1 minute"},"schema":{"@context":"https:\/\/schema.org","@graph":[{"@type":"WebPage","@id":"https:\/\/www.gadot.be\/fr\/news\/","url":"https:\/\/www.gadot.be\/fr\/news\/","name":"News - Gadot Belgium BV","isPartOf":{"@id":"https:\/\/www.gadot.be\/fr\/#website"},"primaryImageOfPage":{"@id":"https:\/\/www.gadot.be\/fr\/news\/#primaryimage"},"image":{"@id":"https:\/\/www.gadot.be\/fr\/news\/#primaryimage"},"thumbnailUrl":"http:\/\/devgadot.simplyfabulous.be\/wp-content\/uploads\/2020\/11\/Wim-GADOT-GROUP-Logo.jpg","datePublished":"2020-11-19T07:59:03+00:00","dateModified":"2020-11-26T10:48:09+00:00","inLanguage":"fr-FR","potentialAction":[{"@type":"ReadAction","target":["https:\/\/www.gadot.be\/fr\/news\/"]}]},{"@type":"ImageObject","inLanguage":"fr-FR","@id":"https:\/\/www.gadot.be\/fr\/news\/#primaryimage","url":"http:\/\/devgadot.simplyfabulous.be\/wp-content\/uploads\/2020\/11\/Wim-GADOT-GROUP-Logo.jpg","contentUrl":"http:\/\/devgadot.simplyfabulous.be\/wp-content\/uploads\/2020\/11\/Wim-GADOT-GROUP-Logo.jpg"},{"@type":"WebSite","@id":"https:\/\/www.gadot.be\/fr\/#website","url":"https:\/\/www.gadot.be\/fr\/","name":"Gadot Belgium BV","description":"A Tankstorage Terminal","potentialAction":[{"@type":"SearchAction","target":{"@type":"EntryPoint","urlTemplate":"https:\/\/www.gadot.be\/fr\/?s={search_term_string}"},"query-input":{"@type":"PropertyValueSpecification","valueRequired":true,"valueName":"search_term_string"}}],"inLanguage":"fr-FR"}]}},"_links":{"self":[{"href":"https:\/\/www.gadot.be\/fr\/wp-json\/wp\/v2\/pages\/1564","targetHints":{"allow":["GET"]}}],"collection":[{"href":"https:\/\/www.gadot.be\/fr\/wp-json\/wp\/v2\/pages"}],"about":[{"href":"https:\/\/www.gadot.be\/fr\/wp-json\/wp\/v2\/types\/page"}],"author":[{"embeddable":true,"href":"https:\/\/www.gadot.be\/fr\/wp-json\/wp\/v2\/users\/1"}],"replies":[{"embeddable":true,"href":"https:\/\/www.gadot.be\/fr\/wp-json\/wp\/v2\/comments?post=1564"}],"version-history":[{"count":2,"href":"https:\/\/www.gadot.be\/fr\/wp-json\/wp\/v2\/pages\/1564\/revisions"}],"predecessor-version":[{"id":1998,"href":"https:\/\/www.gadot.be\/fr\/wp-json\/wp\/v2\/pages\/1564\/revisions\/1998"}],"wp:attachment":[{"href":"https:\/\/www.gadot.be\/fr\/wp-json\/wp\/v2\/media?parent=1564"}],"curies":[{"name":"wp","href":"https:\/\/api.w.org\/{rel}","templated":true}]}}