{"id":1505,"date":"2020-11-18T20:20:41","date_gmt":"2020-11-18T20:20:41","guid":{"rendered":"http:\/\/devgadot.simplyfabulous.be\/gdpr\/"},"modified":"2020-11-26T10:08:17","modified_gmt":"2020-11-26T10:08:17","slug":"gdpr","status":"publish","type":"page","link":"https:\/\/www.gadot.be\/fr\/gdpr\/","title":{"rendered":"GDPR"},"content":{"rendered":"\t\t<div data-elementor-type=\"wp-page\" data-elementor-id=\"1505\" class=\"elementor elementor-1505 elementor-1497\" data-elementor-post-type=\"page\">\n\t\t\t\t\t\t<section class=\"elementor-section elementor-top-section elementor-element elementor-element-21c6197 elementor-section-boxed elementor-section-height-default elementor-section-height-default\" data-id=\"21c6197\" data-element_type=\"section\" data-settings=\"{&quot;jet_parallax_layout_list&quot;:[{&quot;jet_parallax_layout_image&quot;:{&quot;url&quot;:&quot;&quot;,&quot;id&quot;:&quot;&quot;,&quot;size&quot;:&quot;&quot;},&quot;_id&quot;:&quot;282f8c8&quot;,&quot;jet_parallax_layout_image_tablet&quot;:{&quot;url&quot;:&quot;&quot;,&quot;id&quot;:&quot;&quot;,&quot;size&quot;:&quot;&quot;},&quot;jet_parallax_layout_image_mobile&quot;:{&quot;url&quot;:&quot;&quot;,&quot;id&quot;:&quot;&quot;,&quot;size&quot;:&quot;&quot;},&quot;jet_parallax_layout_speed&quot;:{&quot;unit&quot;:&quot;%&quot;,&quot;size&quot;:50,&quot;sizes&quot;:[]},&quot;jet_parallax_layout_type&quot;:&quot;scroll&quot;,&quot;jet_parallax_layout_direction&quot;:&quot;1&quot;,&quot;jet_parallax_layout_fx_direction&quot;:null,&quot;jet_parallax_layout_z_index&quot;:&quot;&quot;,&quot;jet_parallax_layout_bg_x&quot;:50,&quot;jet_parallax_layout_bg_x_tablet&quot;:&quot;&quot;,&quot;jet_parallax_layout_bg_x_mobile&quot;:&quot;&quot;,&quot;jet_parallax_layout_bg_y&quot;:50,&quot;jet_parallax_layout_bg_y_tablet&quot;:&quot;&quot;,&quot;jet_parallax_layout_bg_y_mobile&quot;:&quot;&quot;,&quot;jet_parallax_layout_bg_size&quot;:&quot;auto&quot;,&quot;jet_parallax_layout_bg_size_tablet&quot;:&quot;&quot;,&quot;jet_parallax_layout_bg_size_mobile&quot;:&quot;&quot;,&quot;jet_parallax_layout_animation_prop&quot;:&quot;transform&quot;,&quot;jet_parallax_layout_on&quot;:[&quot;desktop&quot;,&quot;tablet&quot;]}]}\">\n\t\t\t\t\t\t<div class=\"elementor-container elementor-column-gap-default\">\n\t\t\t\t\t<div class=\"elementor-column elementor-col-100 elementor-top-column elementor-element elementor-element-6570d4d\" data-id=\"6570d4d\" data-element_type=\"column\">\n\t\t\t<div class=\"elementor-widget-wrap elementor-element-populated\">\n\t\t\t\t\t\t<div class=\"elementor-element elementor-element-21582ad elementor-widget elementor-widget-text-editor\" data-id=\"21582ad\" data-element_type=\"widget\" data-widget_type=\"text-editor.default\">\n\t\t\t\t<div class=\"elementor-widget-container\">\n\t\t\t\t\t\t\t\t\t<h3>GADOT BELGIUM d\u00e9claration sur la pr\u00e9paration au GDPR<\/h3><h3>Introduction<\/h3><p>En avril 2016, l&rsquo;Union europ\u00e9enne a approuv\u00e9 un nouveau r\u00e8glement sur la protection des donn\u00e9es, le r\u00e8glement g\u00e9n\u00e9ral sur la protection des donn\u00e9es. Le r\u00e8glement europ\u00e9en sur la protection des donn\u00e9es (GDPR) remplace la directive 95\/46 \/ CE sur la protection des donn\u00e9es et vise \u00e0 harmoniser les lois sur la protection des donn\u00e9es \u00e0 travers l&rsquo;Europe. intimit\u00e9. L&rsquo;application de ce r\u00e8glement commence le 25 mai 2018. Toute organisation qui collabore de quelque mani\u00e8re que ce soit avec les donn\u00e9es personnelles des r\u00e9sidents de l&rsquo;UE, quel que soit le lieu, a l&rsquo;obligation de prot\u00e9ger les donn\u00e9es et la confidentialit\u00e9 des donn\u00e9es. GADOT BELGIUM est bien conscient de ses besoins et son r\u00f4le dans la fourniture des proc\u00e9dures et des applications pour soutenir nos clients et assurer conformit\u00e9 au GDPR \u00e0 l\u2019interne de son organisation.<\/p><h3>L\u2019engagement de GADOT BELGIUM<\/h3><p>Chez GADOT BELGIUM , nous avons toujours honor\u00e9 le droit de nos clients \u00e0 la confidentialit\u00e9 et \u00e0 la protection des donn\u00e9es. En tant qu&rsquo;entreprise belge , GADOT BELGIUM a la responsabilit\u00e9 de s&rsquo;assurer que les donn\u00e9es et les droits de confidentialit\u00e9 de ses employ\u00e9s et clients sont respect\u00e9s.<\/p><p>GADOT BELGIUM n\u2019a pas besoin de recueillir des renseignements personnels du client au &#8211; del\u00e0 de ce qui est n\u00e9cessaire pour la prestation de ses services.<\/p><p>Nous reconnaissons que le GDPR nous aidera \u00e0 atteindre les normes d&rsquo;exploitation les plus strictes en mati\u00e8re de protection des donn\u00e9es des clients.<\/p><h3>Comment GADOT BELGIUM se pr\u00e9pare-t-elle au GDPR?<\/h3><p>GADOT BELGIUM se pr\u00e9pare \u00e0 \u00eatre conforme \u00e0 GDPR sur l&rsquo;ensemble de ses services et proc\u00e9dures, au moment o\u00f9 la r\u00e9glementation est applicable.<\/p><p>Nous avons analys\u00e9 les exigences du GDPR et mis en place une \u00e9quipe interne d\u00e9di\u00e9e pour conduire notre organisation \u00e0 la conformit\u00e9.<\/p><p>Certaines de nos initiatives en cours sont:<\/p><ul><li><strong>Identification des donn\u00e9es personnelles<\/strong> &#8211; GADOT BELGIUM \u00e9value pour toutes les donn\u00e9es personnelles la collecte, l&rsquo;utilisation, le stockage et l&rsquo;\u00e9limination. D\u00e9finir les activit\u00e9s de traitement pour tous les donn\u00e9es personnelles et documenter des diff\u00e9rentes sources de donn\u00e9es contribueront\u00a0largement \u00e0 fournir une feuille de route pour la conformit\u00e9 dans les jours pr\u00e9c\u00e9dant la mise en \u0153uvre.<\/li><\/ul><ul><li><strong>Fournir<\/strong> <strong>un support client<\/strong> \u2013Un aspect important de GDPR est la fa\u00e7on dont les donn\u00e9es collect\u00e9es sont utilis\u00e9es. En tant que contr\u00f4leur de donn\u00e9es, le r\u00f4le cl\u00e9 de GADOT BELGIUM est de fournir \u00e0 nos clients\u00a0les connaissances n\u00e9cessaires pour prot\u00e9ger efficacement leurs donn\u00e9es utilisateur. VLS-GROUP mettra \u00e0 jour et\u00a0conclura des conventions de traitement au besoin et explorera la fa\u00e7on dont les activit\u00e9s de traitement\u00a0sont effectu\u00e9es.<\/li><\/ul><ul><li><strong>Am\u00e9lioration de l&rsquo;int\u00e9grit\u00e9 et de la s\u00e9curit\u00e9 <\/strong>des donn\u00e9es &#8211; La confidentialit\u00e9 des donn\u00e9es et la s\u00e9curit\u00e9 des donn\u00e9es sont des aspects importants du GDPR. GADOT BELGIUM assurera la\u00a0 mise \u00e0 jour, les\u00a0politiques et les proc\u00e9dures informatiques pour assurer la s\u00e9curit\u00e9 de tous les aspects.<\/li><\/ul><h3>Qu&rsquo;est-ce que cela signifie pour nos clients?<\/h3><p>Nous comprenons que r\u00e9pondre aux exigences du GDPR prendra beaucoup de temps et d&rsquo;efforts.<\/p><p>En tant que fournisseur de services, GADOT BELGIUM travaille intensivement pour vous assurer que les meilleures pratiques en mati\u00e8re de s\u00e9curit\u00e9 sont mises en \u0153uvre et que des conventions de traitement des donn\u00e9es sont mises en place.<\/p><h3>Que faisons-nous pour \u00eatre pr\u00eats pour le GDPR?<\/h3><p>Pour la conformit\u00e9 GDPR dans notre organisation , nous ferons les choses suivantes:<\/p><ul><li>Cr\u00e9er une \u00e9quipe de protection des donn\u00e9es pour superviser les activit\u00e9s du GDPR et sensibiliser<\/li><li>Passez en revue les processus actuels de s\u00e9curit\u00e9 et de confidentialit\u00e9 en place et, le cas \u00e9ch\u00e9ant, r\u00e9visez vos contrats avec des tiers pour r\u00e9pondre aux exigences du GDPR<\/li><li>Identifier les donn\u00e9es personnelles recueillies et cr\u00e9er un registre de donn\u00e9es pour les donn\u00e9es personnelles<\/li><li>Analyser comment ces informations sont trait\u00e9es, stock\u00e9es, conserv\u00e9es et supprim\u00e9es<\/li><li>\u00c9valuer les tierces parties avec lesquelles nous divulguons des donn\u00e9es<\/li><li>\u00c9tablir des proc\u00e9dures pour r\u00e9pondre aux personnes concern\u00e9es lorsqu&rsquo;elles exercent leurs droits<\/li><li>\u00c9tablir et mener une \u00e9valuation des facteurs relatifs \u00e0 la vie priv\u00e9e (Privacy Impact Assessment (PIA))<\/li><li>Cr\u00e9er des processus pour les activit\u00e9s de notification de violation de donn\u00e9es<\/li><li>La sensibilisation continue des employ\u00e9s est essentielle pour assurer la conformit\u00e9 continue au GDPR<\/li><\/ul>\t\t\t\t\t\t\t\t<\/div>\n\t\t\t\t<\/div>\n\t\t\t\t\t<\/div>\n\t\t<\/div>\n\t\t\t\t\t<\/div>\n\t\t<\/section>\n\t\t\t\t<\/div>\n\t\t","protected":false},"excerpt":{"rendered":"<p>GADOT BELGIUM d\u00e9claration sur la pr\u00e9paration au GDPR Introduction En avril 2016, l&rsquo;Union europ\u00e9enne a approuv\u00e9 un nouveau r\u00e8glement sur la protection des donn\u00e9es, le r\u00e8glement g\u00e9n\u00e9ral sur la protection des donn\u00e9es. Le r\u00e8glement europ\u00e9en sur la protection des donn\u00e9es (GDPR) remplace la directive 95\/46 \/ CE sur la protection des donn\u00e9es et vise \u00e0 [&hellip;]<\/p>\n","protected":false},"author":1,"featured_media":0,"parent":0,"menu_order":0,"comment_status":"closed","ping_status":"closed","template":"full-width.php","meta":{"_acf_changed":false,"footnotes":""},"class_list":["post-1505","page","type-page","status-publish","hentry"],"acf":[],"yoast_head":"<!-- This site is optimized with the Yoast SEO plugin v25.8 - https:\/\/yoast.com\/wordpress\/plugins\/seo\/ -->\n<title>GDPR - Gadot Belgium BV<\/title>\n<meta name=\"robots\" content=\"index, follow, max-snippet:-1, max-image-preview:large, max-video-preview:-1\" \/>\n<link rel=\"canonical\" href=\"https:\/\/www.gadot.be\/fr\/gdpr\/\" \/>\n<meta property=\"og:locale\" content=\"fr_FR\" \/>\n<meta property=\"og:type\" content=\"article\" \/>\n<meta property=\"og:title\" content=\"GDPR - Gadot Belgium BV\" \/>\n<meta property=\"og:description\" content=\"GADOT BELGIUM d\u00e9claration sur la pr\u00e9paration au GDPR Introduction En avril 2016, l&rsquo;Union europ\u00e9enne a approuv\u00e9 un nouveau r\u00e8glement sur la protection des donn\u00e9es, le r\u00e8glement g\u00e9n\u00e9ral sur la protection des donn\u00e9es. Le r\u00e8glement europ\u00e9en sur la protection des donn\u00e9es (GDPR) remplace la directive 95\/46 \/ CE sur la protection des donn\u00e9es et vise \u00e0 [&hellip;]\" \/>\n<meta property=\"og:url\" content=\"https:\/\/www.gadot.be\/fr\/gdpr\/\" \/>\n<meta property=\"og:site_name\" content=\"Gadot Belgium BV\" \/>\n<meta property=\"article:modified_time\" content=\"2020-11-26T10:08:17+00:00\" \/>\n<meta name=\"twitter:card\" content=\"summary_large_image\" \/>\n<meta name=\"twitter:label1\" content=\"Dur\u00e9e de lecture estim\u00e9e\" \/>\n\t<meta name=\"twitter:data1\" content=\"4 minutes\" \/>\n<script type=\"application\/ld+json\" class=\"yoast-schema-graph\">{\"@context\":\"https:\/\/schema.org\",\"@graph\":[{\"@type\":\"WebPage\",\"@id\":\"https:\/\/www.gadot.be\/fr\/gdpr\/\",\"url\":\"https:\/\/www.gadot.be\/fr\/gdpr\/\",\"name\":\"GDPR - Gadot Belgium BV\",\"isPartOf\":{\"@id\":\"https:\/\/www.gadot.be\/fr\/#website\"},\"datePublished\":\"2020-11-18T20:20:41+00:00\",\"dateModified\":\"2020-11-26T10:08:17+00:00\",\"inLanguage\":\"fr-FR\",\"potentialAction\":[{\"@type\":\"ReadAction\",\"target\":[\"https:\/\/www.gadot.be\/fr\/gdpr\/\"]}]},{\"@type\":\"WebSite\",\"@id\":\"https:\/\/www.gadot.be\/fr\/#website\",\"url\":\"https:\/\/www.gadot.be\/fr\/\",\"name\":\"Gadot Belgium BV\",\"description\":\"A Tankstorage Terminal\",\"potentialAction\":[{\"@type\":\"SearchAction\",\"target\":{\"@type\":\"EntryPoint\",\"urlTemplate\":\"https:\/\/www.gadot.be\/fr\/?s={search_term_string}\"},\"query-input\":{\"@type\":\"PropertyValueSpecification\",\"valueRequired\":true,\"valueName\":\"search_term_string\"}}],\"inLanguage\":\"fr-FR\"}]}<\/script>\n<!-- \/ Yoast SEO plugin. -->","yoast_head_json":{"title":"GDPR - Gadot Belgium BV","robots":{"index":"index","follow":"follow","max-snippet":"max-snippet:-1","max-image-preview":"max-image-preview:large","max-video-preview":"max-video-preview:-1"},"canonical":"https:\/\/www.gadot.be\/fr\/gdpr\/","og_locale":"fr_FR","og_type":"article","og_title":"GDPR - Gadot Belgium BV","og_description":"GADOT BELGIUM d\u00e9claration sur la pr\u00e9paration au GDPR Introduction En avril 2016, l&rsquo;Union europ\u00e9enne a approuv\u00e9 un nouveau r\u00e8glement sur la protection des donn\u00e9es, le r\u00e8glement g\u00e9n\u00e9ral sur la protection des donn\u00e9es. Le r\u00e8glement europ\u00e9en sur la protection des donn\u00e9es (GDPR) remplace la directive 95\/46 \/ CE sur la protection des donn\u00e9es et vise \u00e0 [&hellip;]","og_url":"https:\/\/www.gadot.be\/fr\/gdpr\/","og_site_name":"Gadot Belgium BV","article_modified_time":"2020-11-26T10:08:17+00:00","twitter_card":"summary_large_image","twitter_misc":{"Dur\u00e9e de lecture estim\u00e9e":"4 minutes"},"schema":{"@context":"https:\/\/schema.org","@graph":[{"@type":"WebPage","@id":"https:\/\/www.gadot.be\/fr\/gdpr\/","url":"https:\/\/www.gadot.be\/fr\/gdpr\/","name":"GDPR - Gadot Belgium BV","isPartOf":{"@id":"https:\/\/www.gadot.be\/fr\/#website"},"datePublished":"2020-11-18T20:20:41+00:00","dateModified":"2020-11-26T10:08:17+00:00","inLanguage":"fr-FR","potentialAction":[{"@type":"ReadAction","target":["https:\/\/www.gadot.be\/fr\/gdpr\/"]}]},{"@type":"WebSite","@id":"https:\/\/www.gadot.be\/fr\/#website","url":"https:\/\/www.gadot.be\/fr\/","name":"Gadot Belgium BV","description":"A Tankstorage Terminal","potentialAction":[{"@type":"SearchAction","target":{"@type":"EntryPoint","urlTemplate":"https:\/\/www.gadot.be\/fr\/?s={search_term_string}"},"query-input":{"@type":"PropertyValueSpecification","valueRequired":true,"valueName":"search_term_string"}}],"inLanguage":"fr-FR"}]}},"_links":{"self":[{"href":"https:\/\/www.gadot.be\/fr\/wp-json\/wp\/v2\/pages\/1505","targetHints":{"allow":["GET"]}}],"collection":[{"href":"https:\/\/www.gadot.be\/fr\/wp-json\/wp\/v2\/pages"}],"about":[{"href":"https:\/\/www.gadot.be\/fr\/wp-json\/wp\/v2\/types\/page"}],"author":[{"embeddable":true,"href":"https:\/\/www.gadot.be\/fr\/wp-json\/wp\/v2\/users\/1"}],"replies":[{"embeddable":true,"href":"https:\/\/www.gadot.be\/fr\/wp-json\/wp\/v2\/comments?post=1505"}],"version-history":[{"count":4,"href":"https:\/\/www.gadot.be\/fr\/wp-json\/wp\/v2\/pages\/1505\/revisions"}],"predecessor-version":[{"id":1943,"href":"https:\/\/www.gadot.be\/fr\/wp-json\/wp\/v2\/pages\/1505\/revisions\/1943"}],"wp:attachment":[{"href":"https:\/\/www.gadot.be\/fr\/wp-json\/wp\/v2\/media?parent=1505"}],"curies":[{"name":"wp","href":"https:\/\/api.w.org\/{rel}","templated":true}]}}